{"id":1584,"date":"2025-06-10T11:15:57","date_gmt":"2025-06-10T11:15:57","guid":{"rendered":"https:\/\/edestilerija.com\/blog\/podcasts\/"},"modified":"2025-07-17T06:35:35","modified_gmt":"2025-07-17T06:35:35","slug":"podcasts","status":"publish","type":"page","link":"https:\/\/edestilerija.com\/blog\/","title":{"rendered":"Podcasts"},"content":{"rendered":"\n<div class=\"wp-block-uagb-container uagb-block-1dccc804 alignfull uagb-is-root-container\"><div class=\"uagb-container-inner-blocks-wrap\">\n<div class=\"wp-block-uagb-container uagb-block-eea775ef\">\n<div class=\"wp-block-uagb-advanced-heading uagb-block-eccc375d\"><h1 class=\"uagb-heading-text\">Blog<\/h1><p class=\"uagb-desc-text\">Op\u0161te teme o funkcionalnosti aplikacije za upravljanje destilerijama eDestilerija, proizvodnji rakije, promenama regulativa i jo\u0161 mnogo toga&#8230;<\/p><\/div>\n<\/div>\n<\/div><\/div>\n\n\n\n\t\t\t<div class=\"wp-block-uagb-post-grid uagb-post-grid  uagb-post__image-position-top uagb-post__image-enabled uagb-block-ea55b0f8     uagb-post__items uagb-post__columns-3 is-grid uagb-post__columns-tablet-2 uagb-post__columns-mobile-1 uagb-post__equal-height uagb-equal_height_inline-read-more-buttons\" data-total=\"3\" style=\"\">\n\n\t\t\t\t\t\t\t\t\t\t\t\t<article class=\"uagb-post__inner-wrap\">\t\t\t\t\t\t\t\t<div class='uagb-post__image'>\n\t\t\t\t\t\t\t\t\t<a href=\"https:\/\/edestilerija.com\/blog\/starter-pro-i-enterprise-licence-u-edestileriji\/\" target=\"_self\" rel=\"bookmark noopener noreferrer\" class='uagb-image-ratio-2-3'><img loading=\"lazy\" decoding=\"async\" width=\"1024\" height=\"673\" src=\"https:\/\/edestilerija.com\/blog\/wp-content\/uploads\/2026\/03\/534-d1d2582956067f1b4d1703c17043b22e654317fb-1024x673.png\" class=\"attachment-large size-large\" alt=\"\" srcset=\"https:\/\/edestilerija.com\/blog\/wp-content\/uploads\/2026\/03\/534-d1d2582956067f1b4d1703c17043b22e654317fb-1024x673.png 1024w, https:\/\/edestilerija.com\/blog\/wp-content\/uploads\/2026\/03\/534-d1d2582956067f1b4d1703c17043b22e654317fb-300x197.png 300w, https:\/\/edestilerija.com\/blog\/wp-content\/uploads\/2026\/03\/534-d1d2582956067f1b4d1703c17043b22e654317fb-768x505.png 768w, https:\/\/edestilerija.com\/blog\/wp-content\/uploads\/2026\/03\/534-d1d2582956067f1b4d1703c17043b22e654317fb.png 1120w\" sizes=\"auto, (max-width: 1024px) 100vw, 1024px\" \/>\t\t\t\t\t<\/a>\n\t\t\t\t\t\t\t<\/div>\n\t\t\t\t\t\t<h4 class=\"uagb-post__title uagb-post__text\">\n\t\t\t\t<a href=\"https:\/\/edestilerija.com\/blog\/starter-pro-i-enterprise-licence-u-edestileriji\/\" target=\"_self\" rel=\"bookmark noopener noreferrer\">Starter, Pro i Enterprise licence u eDestileriji<\/a>\n\t\t\t<\/h4>\n\t\t\t\t\t\t<div class='uagb-post__text uagb-post-grid-byline'>\n\t\t\t\t\t\t\t\t<time datetime=\"2026-03-17T21:41:25+00:00\" class=\"uagb-post__date\">\n\t\t\t\t<span class=\"dashicons-calendar dashicons\"><\/span>\t\t\t\t\tMarch 17, 2026\t\t\t\t<\/time>\n\t\t\t\t\t\t<\/div>\n\t\t\t\t\t\t\t<div class='uagb-post__text uagb-post__excerpt'>\n\t\t\t\t\t<p>U verziji 2.2.0, eDestilerija pravi veliki iskorak \u2013 uvodimo razli\u010dite licence prilago\u0111ene stvarnim potrebama destilerija&#8230;.\t\t\t\t<\/div>\n\t\t\t\t\t\t<div class=\"uagb-post__text uagb-post__cta wp-block-button\">\n\t\t\t\t<a class=\"wp-block-button__link uagb-text-link\" style=\"\" href=\"https:\/\/edestilerija.com\/blog\/starter-pro-i-enterprise-licence-u-edestileriji\/\" target=\"_self\" rel=\"bookmark noopener noreferrer\">Pro\u010ditaj vi\u0161e<\/a>\n\t\t\t<\/div>\n\t\t\t\n\t\t\t\t\t\t\t\t\t<\/article>\n\t\t\t\t\t\t\t\t\t\t\t\t\t\t\t\t<article class=\"uagb-post__inner-wrap\">\t\t\t\t\t\t\t\t<div class='uagb-post__image'>\n\t\t\t\t\t\t\t\t\t<a href=\"https:\/\/edestilerija.com\/blog\/edestilerija-v2-1-0-pregled-novina-i-unapredenja\/\" target=\"_self\" rel=\"bookmark noopener noreferrer\" class='uagb-image-ratio-2-3'><img loading=\"lazy\" decoding=\"async\" width=\"1024\" height=\"683\" src=\"https:\/\/edestilerija.com\/blog\/wp-content\/uploads\/2026\/03\/WhatsApp-Image-2026-02-28-at-23.32.58-1024x683.jpeg\" class=\"attachment-large size-large\" alt=\"\" srcset=\"https:\/\/edestilerija.com\/blog\/wp-content\/uploads\/2026\/03\/WhatsApp-Image-2026-02-28-at-23.32.58-1024x683.jpeg 1024w, https:\/\/edestilerija.com\/blog\/wp-content\/uploads\/2026\/03\/WhatsApp-Image-2026-02-28-at-23.32.58-300x200.jpeg 300w, https:\/\/edestilerija.com\/blog\/wp-content\/uploads\/2026\/03\/WhatsApp-Image-2026-02-28-at-23.32.58-768x512.jpeg 768w, https:\/\/edestilerija.com\/blog\/wp-content\/uploads\/2026\/03\/WhatsApp-Image-2026-02-28-at-23.32.58.jpeg 1536w\" sizes=\"auto, (max-width: 1024px) 100vw, 1024px\" \/>\t\t\t\t\t<\/a>\n\t\t\t\t\t\t\t<\/div>\n\t\t\t\t\t\t<h4 class=\"uagb-post__title uagb-post__text\">\n\t\t\t\t<a href=\"https:\/\/edestilerija.com\/blog\/edestilerija-v2-1-0-pregled-novina-i-unapredenja\/\" target=\"_self\" rel=\"bookmark noopener noreferrer\">eDestilerija v2.1.0 \u2013 Pregled novina i unapre\u0111enja<\/a>\n\t\t\t<\/h4>\n\t\t\t\t\t\t<div class='uagb-post__text uagb-post-grid-byline'>\n\t\t\t\t\t\t\t\t<time datetime=\"2026-03-01T11:58:29+00:00\" class=\"uagb-post__date\">\n\t\t\t\t<span class=\"dashicons-calendar dashicons\"><\/span>\t\t\t\t\tMarch 1, 2026\t\t\t\t<\/time>\n\t\t\t\t\t\t<\/div>\n\t\t\t\t\t\t\t<div class='uagb-post__text uagb-post__excerpt'>\n\t\t\t\t\t<p>U verziji 2.1.0 nastavili smo sa unapre\u0111enjem korisni\u010dkog iskustva i funkcionalnosti sistema, uz poseban fokus&#8230;\t\t\t\t<\/div>\n\t\t\t\t\t\t<div class=\"uagb-post__text uagb-post__cta wp-block-button\">\n\t\t\t\t<a class=\"wp-block-button__link uagb-text-link\" style=\"\" href=\"https:\/\/edestilerija.com\/blog\/edestilerija-v2-1-0-pregled-novina-i-unapredenja\/\" target=\"_self\" rel=\"bookmark noopener noreferrer\">Pro\u010ditaj vi\u0161e<\/a>\n\t\t\t<\/div>\n\t\t\t\n\t\t\t\t\t\t\t\t\t<\/article>\n\t\t\t\t\t\t\t\t\t\t\t\t\t\t\t\t<article class=\"uagb-post__inner-wrap\">\t\t\t\t\t\t\t\t<div class='uagb-post__image'>\n\t\t\t\t\t\t\t\t\t<a href=\"https:\/\/edestilerija.com\/blog\/edestilerija-2-0-nova-dimenzija-kontrole-sledljivosti-i-automatizacije-proizvodnje\/\" target=\"_self\" rel=\"bookmark noopener noreferrer\" class='uagb-image-ratio-2-3'><img loading=\"lazy\" decoding=\"async\" width=\"1024\" height=\"683\" src=\"https:\/\/edestilerija.com\/blog\/wp-content\/uploads\/2026\/02\/ChatGPT-Image-Feb-16-2026-11_33_14-PM-1024x683.png\" class=\"attachment-large size-large\" alt=\"\" srcset=\"https:\/\/edestilerija.com\/blog\/wp-content\/uploads\/2026\/02\/ChatGPT-Image-Feb-16-2026-11_33_14-PM-1024x683.png 1024w, https:\/\/edestilerija.com\/blog\/wp-content\/uploads\/2026\/02\/ChatGPT-Image-Feb-16-2026-11_33_14-PM-300x200.png 300w, https:\/\/edestilerija.com\/blog\/wp-content\/uploads\/2026\/02\/ChatGPT-Image-Feb-16-2026-11_33_14-PM-768x512.png 768w, https:\/\/edestilerija.com\/blog\/wp-content\/uploads\/2026\/02\/ChatGPT-Image-Feb-16-2026-11_33_14-PM.png 1536w\" sizes=\"auto, (max-width: 1024px) 100vw, 1024px\" \/>\t\t\t\t\t<\/a>\n\t\t\t\t\t\t\t<\/div>\n\t\t\t\t\t\t<h4 class=\"uagb-post__title uagb-post__text\">\n\t\t\t\t<a href=\"https:\/\/edestilerija.com\/blog\/edestilerija-2-0-nova-dimenzija-kontrole-sledljivosti-i-automatizacije-proizvodnje\/\" target=\"_self\" rel=\"bookmark noopener noreferrer\">eDestilerija 2.0 \u2013 Nova dimenzija kontrole, sledljivosti i automatizacije proizvodnje<\/a>\n\t\t\t<\/h4>\n\t\t\t\t\t\t<div class='uagb-post__text uagb-post-grid-byline'>\n\t\t\t\t\t\t\t\t<time datetime=\"2026-02-21T14:38:24+00:00\" class=\"uagb-post__date\">\n\t\t\t\t<span class=\"dashicons-calendar dashicons\"><\/span>\t\t\t\t\tFebruary 21, 2026\t\t\t\t<\/time>\n\t\t\t\t\t\t<\/div>\n\t\t\t\t\t\t\t<div class='uagb-post__text uagb-post__excerpt'>\n\t\t\t\t\t<p>Sa ponosom predstavljamo eDestilerija 2.0 \u2013 unapre\u0111enu verziju sistema koja donosi zna\u010dajne novine u oblasti&#8230;\t\t\t\t<\/div>\n\t\t\t\t\t\t<div class=\"uagb-post__text uagb-post__cta wp-block-button\">\n\t\t\t\t<a class=\"wp-block-button__link uagb-text-link\" style=\"\" href=\"https:\/\/edestilerija.com\/blog\/edestilerija-2-0-nova-dimenzija-kontrole-sledljivosti-i-automatizacije-proizvodnje\/\" target=\"_self\" rel=\"bookmark noopener noreferrer\">Pro\u010ditaj vi\u0161e<\/a>\n\t\t\t<\/div>\n\t\t\t\n\t\t\t\t\t\t\t\t\t<\/article>\n\t\t\t\t\t\t\t\t\t\t\t\t\t\t\t\t<article class=\"uagb-post__inner-wrap\">\t\t\t\t\t\t\t\t<div class='uagb-post__image'>\n\t\t\t\t\t\t\t\t\t<a href=\"https:\/\/edestilerija.com\/blog\/metanol-u-rakiji-kako-nastaje-zasto-je-opasan-i-kako-ga-efikasno-smanjiti-i-kontrolisati\/\" target=\"_self\" rel=\"bookmark noopener noreferrer\" class='uagb-image-ratio-2-3'><img loading=\"lazy\" decoding=\"async\" width=\"1024\" height=\"682\" src=\"https:\/\/edestilerija.com\/blog\/wp-content\/uploads\/2026\/02\/Crise-do-Metanol-1024x682.jpeg\" class=\"attachment-large size-large\" alt=\"\" srcset=\"https:\/\/edestilerija.com\/blog\/wp-content\/uploads\/2026\/02\/Crise-do-Metanol-1024x682.jpeg 1024w, https:\/\/edestilerija.com\/blog\/wp-content\/uploads\/2026\/02\/Crise-do-Metanol-300x200.jpeg 300w, https:\/\/edestilerija.com\/blog\/wp-content\/uploads\/2026\/02\/Crise-do-Metanol-768x512.jpeg 768w, https:\/\/edestilerija.com\/blog\/wp-content\/uploads\/2026\/02\/Crise-do-Metanol.jpeg 1280w\" sizes=\"auto, (max-width: 1024px) 100vw, 1024px\" \/>\t\t\t\t\t<\/a>\n\t\t\t\t\t\t\t<\/div>\n\t\t\t\t\t\t<h4 class=\"uagb-post__title uagb-post__text\">\n\t\t\t\t<a href=\"https:\/\/edestilerija.com\/blog\/metanol-u-rakiji-kako-nastaje-zasto-je-opasan-i-kako-ga-efikasno-smanjiti-i-kontrolisati\/\" target=\"_self\" rel=\"bookmark noopener noreferrer\">Metanol u rakiji \u2013 kako nastaje, za\u0161to je opasan i kako ga efikasno smanjiti i kontrolisati<\/a>\n\t\t\t<\/h4>\n\t\t\t\t\t\t<div class='uagb-post__text uagb-post-grid-byline'>\n\t\t\t\t\t\t\t\t<time datetime=\"2026-02-06T23:38:12+00:00\" class=\"uagb-post__date\">\n\t\t\t\t<span class=\"dashicons-calendar dashicons\"><\/span>\t\t\t\t\tFebruary 6, 2026\t\t\t\t<\/time>\n\t\t\t\t\t\t<\/div>\n\t\t\t\t\t\t\t<div class='uagb-post__text uagb-post__excerpt'>\n\t\t\t\t\t<p>Metanol je tema koja izaziva najvi\u0161e straha, mitova i dezinformacija u proizvodnji rakije. Iako se&#8230;\t\t\t\t<\/div>\n\t\t\t\t\t\t<div class=\"uagb-post__text uagb-post__cta wp-block-button\">\n\t\t\t\t<a class=\"wp-block-button__link uagb-text-link\" style=\"\" href=\"https:\/\/edestilerija.com\/blog\/metanol-u-rakiji-kako-nastaje-zasto-je-opasan-i-kako-ga-efikasno-smanjiti-i-kontrolisati\/\" target=\"_self\" rel=\"bookmark noopener noreferrer\">Pro\u010ditaj vi\u0161e<\/a>\n\t\t\t<\/div>\n\t\t\t\n\t\t\t\t\t\t\t\t\t<\/article>\n\t\t\t\t\t\t\t\t\t\t\t\t\t\t\t\t<article class=\"uagb-post__inner-wrap\">\t\t\t\t\t\t\t\t<div class='uagb-post__image'>\n\t\t\t\t\t\t\t\t\t<a href=\"https:\/\/edestilerija.com\/blog\/prirodni-vs-selekcionisani-kvasci-kako-izbor-kvasca-utice-na-aromu-i-kvalitet-rakije\/\" target=\"_self\" rel=\"bookmark noopener noreferrer\" class='uagb-image-ratio-2-3'><img loading=\"lazy\" decoding=\"async\" width=\"1024\" height=\"683\" src=\"https:\/\/edestilerija.com\/blog\/wp-content\/uploads\/2026\/02\/ChatGPT-Image-Feb-1-2026-02_37_58-PM-1024x683.png\" class=\"attachment-large size-large\" alt=\"\" srcset=\"https:\/\/edestilerija.com\/blog\/wp-content\/uploads\/2026\/02\/ChatGPT-Image-Feb-1-2026-02_37_58-PM-1024x683.png 1024w, https:\/\/edestilerija.com\/blog\/wp-content\/uploads\/2026\/02\/ChatGPT-Image-Feb-1-2026-02_37_58-PM-300x200.png 300w, https:\/\/edestilerija.com\/blog\/wp-content\/uploads\/2026\/02\/ChatGPT-Image-Feb-1-2026-02_37_58-PM-768x512.png 768w, https:\/\/edestilerija.com\/blog\/wp-content\/uploads\/2026\/02\/ChatGPT-Image-Feb-1-2026-02_37_58-PM.png 1536w\" sizes=\"auto, (max-width: 1024px) 100vw, 1024px\" \/>\t\t\t\t\t<\/a>\n\t\t\t\t\t\t\t<\/div>\n\t\t\t\t\t\t<h4 class=\"uagb-post__title uagb-post__text\">\n\t\t\t\t<a href=\"https:\/\/edestilerija.com\/blog\/prirodni-vs-selekcionisani-kvasci-kako-izbor-kvasca-utice-na-aromu-i-kvalitet-rakije\/\" target=\"_self\" rel=\"bookmark noopener noreferrer\">Prirodni vs. selekcionisani kvasci \u2013 kako izbor kvasca uti\u010de na aromu i kvalitet rakije<\/a>\n\t\t\t<\/h4>\n\t\t\t\t\t\t<div class='uagb-post__text uagb-post-grid-byline'>\n\t\t\t\t\t\t\t\t<time datetime=\"2026-02-01T13:38:27+00:00\" class=\"uagb-post__date\">\n\t\t\t\t<span class=\"dashicons-calendar dashicons\"><\/span>\t\t\t\t\tFebruary 1, 2026\t\t\t\t<\/time>\n\t\t\t\t\t\t<\/div>\n\t\t\t\t\t\t\t<div class='uagb-post__text uagb-post__excerpt'>\n\t\t\t\t\t<p>Fermentacija je srce proizvodnje rakije. Bez obzira na kvalitet vo\u0107a i ume\u0107e destilera, proces pretvaranja&#8230;\t\t\t\t<\/div>\n\t\t\t\t\t\t<div class=\"uagb-post__text uagb-post__cta wp-block-button\">\n\t\t\t\t<a class=\"wp-block-button__link uagb-text-link\" style=\"\" href=\"https:\/\/edestilerija.com\/blog\/prirodni-vs-selekcionisani-kvasci-kako-izbor-kvasca-utice-na-aromu-i-kvalitet-rakije\/\" target=\"_self\" rel=\"bookmark noopener noreferrer\">Pro\u010ditaj vi\u0161e<\/a>\n\t\t\t<\/div>\n\t\t\t\n\t\t\t\t\t\t\t\t\t<\/article>\n\t\t\t\t\t\t\t\t\t\t\t\t\t\t\t\t<article class=\"uagb-post__inner-wrap\">\t\t\t\t\t\t\t\t<div class='uagb-post__image'>\n\t\t\t\t\t\t\t\t\t<a href=\"https:\/\/edestilerija.com\/blog\/na-koji-nacin-se-mogu-podesiti-eotpremnice-i-kako-se-povezuju-sa-ostalim-procesima\/\" target=\"_self\" rel=\"bookmark noopener noreferrer\" class='uagb-image-ratio-2-3'><img loading=\"lazy\" decoding=\"async\" width=\"750\" height=\"500\" src=\"https:\/\/edestilerija.com\/blog\/wp-content\/uploads\/2026\/01\/media_1b4f3b8fb2ead1a4c8e781996e4f4f376ff4cfdd4.png\" class=\"attachment-large size-large\" alt=\"\" srcset=\"https:\/\/edestilerija.com\/blog\/wp-content\/uploads\/2026\/01\/media_1b4f3b8fb2ead1a4c8e781996e4f4f376ff4cfdd4.png 750w, https:\/\/edestilerija.com\/blog\/wp-content\/uploads\/2026\/01\/media_1b4f3b8fb2ead1a4c8e781996e4f4f376ff4cfdd4-300x200.png 300w\" sizes=\"auto, (max-width: 750px) 100vw, 750px\" \/>\t\t\t\t\t<\/a>\n\t\t\t\t\t\t\t<\/div>\n\t\t\t\t\t\t<h4 class=\"uagb-post__title uagb-post__text\">\n\t\t\t\t<a href=\"https:\/\/edestilerija.com\/blog\/na-koji-nacin-se-mogu-podesiti-eotpremnice-i-kako-se-povezuju-sa-ostalim-procesima\/\" target=\"_self\" rel=\"bookmark noopener noreferrer\">eOtpremnica \u2013 jednostavno obja\u0161njenje i put ka potpuno digitalizovanom poslovanju<\/a>\n\t\t\t<\/h4>\n\t\t\t\t\t\t<div class='uagb-post__text uagb-post-grid-byline'>\n\t\t\t\t\t\t\t\t<time datetime=\"2026-01-24T09:02:31+00:00\" class=\"uagb-post__date\">\n\t\t\t\t<span class=\"dashicons-calendar dashicons\"><\/span>\t\t\t\t\tJanuary 24, 2026\t\t\t\t<\/time>\n\t\t\t\t\t\t<\/div>\n\t\t\t\t\t\t\t<div class='uagb-post__text uagb-post__excerpt'>\n\t\t\t\t\t<p>Digitalizacija poslovanja vi\u0161e nije opcija, ve\u0107 potreba. Nakon uvo\u0111enja eFaktura, slede\u0107i veliki korak u unapre\u0111enju&#8230;\t\t\t\t<\/div>\n\t\t\t\t\t\t<div class=\"uagb-post__text uagb-post__cta wp-block-button\">\n\t\t\t\t<a class=\"wp-block-button__link uagb-text-link\" style=\"\" href=\"https:\/\/edestilerija.com\/blog\/na-koji-nacin-se-mogu-podesiti-eotpremnice-i-kako-se-povezuju-sa-ostalim-procesima\/\" target=\"_self\" rel=\"bookmark noopener noreferrer\">Pro\u010ditaj vi\u0161e<\/a>\n\t\t\t<\/div>\n\t\t\t\n\t\t\t\t\t\t\t\t\t<\/article>\n\t\t\t\t\t\t\t\t\t\t\t\t\t\t\t\t<article class=\"uagb-post__inner-wrap\">\t\t\t\t\t\t\t\t<div class='uagb-post__image'>\n\t\t\t\t\t\t\t\t\t<a href=\"https:\/\/edestilerija.com\/blog\/razlika-izmedu-hladne-stabilizacije-i-filtracije-rakije\/\" target=\"_self\" rel=\"bookmark noopener noreferrer\" class='uagb-image-ratio-2-3'><img loading=\"lazy\" decoding=\"async\" width=\"1024\" height=\"682\" src=\"https:\/\/edestilerija.com\/blog\/wp-content\/uploads\/2026\/01\/WhatsApp-Image-2026-01-07-at-18.22.46-1024x682.jpeg\" class=\"attachment-large size-large\" alt=\"\" srcset=\"https:\/\/edestilerija.com\/blog\/wp-content\/uploads\/2026\/01\/WhatsApp-Image-2026-01-07-at-18.22.46-1024x682.jpeg 1024w, https:\/\/edestilerija.com\/blog\/wp-content\/uploads\/2026\/01\/WhatsApp-Image-2026-01-07-at-18.22.46-300x200.jpeg 300w, https:\/\/edestilerija.com\/blog\/wp-content\/uploads\/2026\/01\/WhatsApp-Image-2026-01-07-at-18.22.46-768x512.jpeg 768w, https:\/\/edestilerija.com\/blog\/wp-content\/uploads\/2026\/01\/WhatsApp-Image-2026-01-07-at-18.22.46.jpeg 1280w\" sizes=\"auto, (max-width: 1024px) 100vw, 1024px\" \/>\t\t\t\t\t<\/a>\n\t\t\t\t\t\t\t<\/div>\n\t\t\t\t\t\t<h4 class=\"uagb-post__title uagb-post__text\">\n\t\t\t\t<a href=\"https:\/\/edestilerija.com\/blog\/razlika-izmedu-hladne-stabilizacije-i-filtracije-rakije\/\" target=\"_self\" rel=\"bookmark noopener noreferrer\">Razlika izme\u0111u hladne stabilizacije i filtracije rakije<\/a>\n\t\t\t<\/h4>\n\t\t\t\t\t\t<div class='uagb-post__text uagb-post-grid-byline'>\n\t\t\t\t\t\t\t\t<time datetime=\"2026-01-07T17:24:17+00:00\" class=\"uagb-post__date\">\n\t\t\t\t<span class=\"dashicons-calendar dashicons\"><\/span>\t\t\t\t\tJanuary 7, 2026\t\t\t\t<\/time>\n\t\t\t\t\t\t<\/div>\n\t\t\t\t\t\t\t<div class='uagb-post__text uagb-post__excerpt'>\n\t\t\t\t\t<p>Iako se hladna stabilizacija i filtracija \u010desto pominju zajedno i imaju sli\u010dan cilj, to su&#8230;\t\t\t\t<\/div>\n\t\t\t\t\t\t<div class=\"uagb-post__text uagb-post__cta wp-block-button\">\n\t\t\t\t<a class=\"wp-block-button__link uagb-text-link\" style=\"\" href=\"https:\/\/edestilerija.com\/blog\/razlika-izmedu-hladne-stabilizacije-i-filtracije-rakije\/\" target=\"_self\" rel=\"bookmark noopener noreferrer\">Pro\u010ditaj vi\u0161e<\/a>\n\t\t\t<\/div>\n\t\t\t\n\t\t\t\t\t\t\t\t\t<\/article>\n\t\t\t\t\t\t\t\t\t\t\t\t\t\t\t\t<article class=\"uagb-post__inner-wrap\">\t\t\t\t\t\t\t\t<div class='uagb-post__image'>\n\t\t\t\t\t\t\t\t\t<a href=\"https:\/\/edestilerija.com\/blog\/hladna-stabilizacija-rakije-pojam-znacaj-i-prednosti\/\" target=\"_self\" rel=\"bookmark noopener noreferrer\" class='uagb-image-ratio-2-3'><img loading=\"lazy\" decoding=\"async\" width=\"683\" height=\"1024\" src=\"https:\/\/edestilerija.com\/blog\/wp-content\/uploads\/2026\/01\/ChatGPT-Image-Jan-7-2026-06_15_44-PM-683x1024.png\" class=\"attachment-large size-large\" alt=\"\" srcset=\"https:\/\/edestilerija.com\/blog\/wp-content\/uploads\/2026\/01\/ChatGPT-Image-Jan-7-2026-06_15_44-PM-683x1024.png 683w, https:\/\/edestilerija.com\/blog\/wp-content\/uploads\/2026\/01\/ChatGPT-Image-Jan-7-2026-06_15_44-PM-200x300.png 200w, https:\/\/edestilerija.com\/blog\/wp-content\/uploads\/2026\/01\/ChatGPT-Image-Jan-7-2026-06_15_44-PM-768x1152.png 768w, https:\/\/edestilerija.com\/blog\/wp-content\/uploads\/2026\/01\/ChatGPT-Image-Jan-7-2026-06_15_44-PM.png 1024w\" sizes=\"auto, (max-width: 683px) 100vw, 683px\" \/>\t\t\t\t\t<\/a>\n\t\t\t\t\t\t\t<\/div>\n\t\t\t\t\t\t<h4 class=\"uagb-post__title uagb-post__text\">\n\t\t\t\t<a href=\"https:\/\/edestilerija.com\/blog\/hladna-stabilizacija-rakije-pojam-znacaj-i-prednosti\/\" target=\"_self\" rel=\"bookmark noopener noreferrer\">Hladna stabilizacija rakije \u2013 pojam, zna\u010daj i prednosti<\/a>\n\t\t\t<\/h4>\n\t\t\t\t\t\t<div class='uagb-post__text uagb-post-grid-byline'>\n\t\t\t\t\t\t\t\t<time datetime=\"2026-01-07T17:16:32+00:00\" class=\"uagb-post__date\">\n\t\t\t\t<span class=\"dashicons-calendar dashicons\"><\/span>\t\t\t\t\tJanuary 7, 2026\t\t\t\t<\/time>\n\t\t\t\t\t\t<\/div>\n\t\t\t\t\t\t\t<div class='uagb-post__text uagb-post__excerpt'>\n\t\t\t\t\t<p>\u0160ta je hladna stabilizacija rakije? Hladna stabilizacija rakije je tehnolo\u0161ki postupak obrade gotove rakije \u010diji&#8230;\t\t\t\t<\/div>\n\t\t\t\t\t\t<div class=\"uagb-post__text uagb-post__cta wp-block-button\">\n\t\t\t\t<a class=\"wp-block-button__link uagb-text-link\" style=\"\" href=\"https:\/\/edestilerija.com\/blog\/hladna-stabilizacija-rakije-pojam-znacaj-i-prednosti\/\" target=\"_self\" rel=\"bookmark noopener noreferrer\">Pro\u010ditaj vi\u0161e<\/a>\n\t\t\t<\/div>\n\t\t\t\n\t\t\t\t\t\t\t\t\t<\/article>\n\t\t\t\t\t\t\t\t\t\t\t\t\t\t\t\t<article class=\"uagb-post__inner-wrap\">\t\t\t\t\t\t\t\t<div class='uagb-post__image'>\n\t\t\t\t\t\t\t\t\t<a href=\"https:\/\/edestilerija.com\/blog\/da-li-rakija-stari-tokom-zime-tehnoloski-aspekt-sazrevanja\/\" target=\"_self\" rel=\"bookmark noopener noreferrer\" class='uagb-image-ratio-2-3'><img loading=\"lazy\" decoding=\"async\" width=\"1010\" height=\"568\" src=\"https:\/\/edestilerija.com\/blog\/wp-content\/uploads\/2026\/01\/Negovanje-buradi-za-cuvanje-i-dozrevanje-vocnih-rakija-1.jpg\" class=\"attachment-large size-large\" alt=\"\" srcset=\"https:\/\/edestilerija.com\/blog\/wp-content\/uploads\/2026\/01\/Negovanje-buradi-za-cuvanje-i-dozrevanje-vocnih-rakija-1.jpg 1010w, https:\/\/edestilerija.com\/blog\/wp-content\/uploads\/2026\/01\/Negovanje-buradi-za-cuvanje-i-dozrevanje-vocnih-rakija-1-300x169.jpg 300w, https:\/\/edestilerija.com\/blog\/wp-content\/uploads\/2026\/01\/Negovanje-buradi-za-cuvanje-i-dozrevanje-vocnih-rakija-1-768x432.jpg 768w\" sizes=\"auto, (max-width: 1010px) 100vw, 1010px\" \/>\t\t\t\t\t<\/a>\n\t\t\t\t\t\t\t<\/div>\n\t\t\t\t\t\t<h4 class=\"uagb-post__title uagb-post__text\">\n\t\t\t\t<a href=\"https:\/\/edestilerija.com\/blog\/da-li-rakija-stari-tokom-zime-tehnoloski-aspekt-sazrevanja\/\" target=\"_self\" rel=\"bookmark noopener noreferrer\">Da li rakija stari tokom zime \u2013 tehnolo\u0161ki aspekt sazrevanja<\/a>\n\t\t\t<\/h4>\n\t\t\t\t\t\t<div class='uagb-post__text uagb-post-grid-byline'>\n\t\t\t\t\t\t\t\t<time datetime=\"2026-01-04T00:18:35+00:00\" class=\"uagb-post__date\">\n\t\t\t\t<span class=\"dashicons-calendar dashicons\"><\/span>\t\t\t\t\tJanuary 4, 2026\t\t\t\t<\/time>\n\t\t\t\t\t\t<\/div>\n\t\t\t\t\t\t\t<div class='uagb-post__text uagb-post__excerpt'>\n\t\t\t\t\t<p>Sazrevanje rakije predstavlja slo\u017een skup hemijskih, fizi\u010dko-hemijskih i difuzionih procesa koji se odvijaju kontinuirano tokom&#8230;\t\t\t\t<\/div>\n\t\t\t\t\t\t<div class=\"uagb-post__text uagb-post__cta wp-block-button\">\n\t\t\t\t<a class=\"wp-block-button__link uagb-text-link\" style=\"\" href=\"https:\/\/edestilerija.com\/blog\/da-li-rakija-stari-tokom-zime-tehnoloski-aspekt-sazrevanja\/\" target=\"_self\" rel=\"bookmark noopener noreferrer\">Pro\u010ditaj vi\u0161e<\/a>\n\t\t\t<\/div>\n\t\t\t\n\t\t\t\t\t\t\t\t\t<\/article>\n\t\t\t\t\t\t\t\t\t\t\t\t\t<div class=\"uagb-post-pagination-wrap\">\n\t\t\t\t\t\t<span aria-current=\"page\" class=\"page-numbers current\">1<\/span>\n<a class=\"page-numbers\" href=\"https:\/\/edestilerija.com\/blog\/wp-json\/wp\/v2\/pages\/1584\/page\/2\/\">2<\/a>\n<a class=\"page-numbers\" href=\"https:\/\/edestilerija.com\/blog\/wp-json\/wp\/v2\/pages\/1584\/page\/3\/\">3<\/a>\n<a class=\"next page-numbers\" href=\"https:\/\/edestilerija.com\/blog\/wp-json\/wp\/v2\/pages\/1584\/page\/2\/\">Slede\u0107a \u00bb<\/a>\t\t\t\t\t<\/div>\n\t\t\t\t\t\t\t\t<\/div>\n\t\t\t\n\n\n<p><\/p>\n","protected":false},"excerpt":{"rendered":"<p>Blog Op\u0161te teme o funkcionalnosti aplikacije za upravljanje destilerijama eDestilerija, proizvodnji rakije, promenama regulativa i jo\u0161 mnogo toga&#8230;<\/p>\n","protected":false},"author":1,"featured_media":0,"parent":0,"menu_order":0,"comment_status":"closed","ping_status":"closed","template":"","meta":{"_uag_custom_page_level_css":"","site-sidebar-layout":"default","site-content-layout":"plain-container","ast-site-content-layout":"normal-width-container","site-content-style":"unboxed","site-sidebar-style":"unboxed","ast-global-header-display":"","ast-banner-title-visibility":"","ast-main-header-display":"","ast-hfb-above-header-display":"","ast-hfb-below-header-display":"","ast-hfb-mobile-header-display":"","site-post-title":"disabled","ast-breadcrumbs-content":"","ast-featured-img":"","footer-sml-layout":"","theme-transparent-header-meta":"","adv-header-id-meta":"","stick-header-meta":"","header-above-stick-meta":"","header-main-stick-meta":"","header-below-stick-meta":"","astra-migrate-meta-layouts":"set","ast-page-background-enabled":"default","ast-page-background-meta":{"desktop":{"background-color":"","background-image":"","background-repeat":"repeat","background-position":"center center","background-size":"auto","background-attachment":"scroll","background-type":"","background-media":"","overlay-type":"","overlay-color":"","overlay-opacity":"","overlay-gradient":""},"tablet":{"background-color":"","background-image":"","background-repeat":"repeat","background-position":"center center","background-size":"auto","background-attachment":"scroll","background-type":"","background-media":"","overlay-type":"","overlay-color":"","overlay-opacity":"","overlay-gradient":""},"mobile":{"background-color":"","background-image":"","background-repeat":"repeat","background-position":"center center","background-size":"auto","background-attachment":"scroll","background-type":"","background-media":"","overlay-type":"","overlay-color":"","overlay-opacity":"","overlay-gradient":""}},"ast-content-background-meta":{"desktop":{"background-color":"var(--ast-global-color-5)","background-image":"","background-repeat":"repeat","background-position":"center center","background-size":"auto","background-attachment":"scroll","background-type":"","background-media":"","overlay-type":"","overlay-color":"","overlay-opacity":"","overlay-gradient":""},"tablet":{"background-color":"var(--ast-global-color-5)","background-image":"","background-repeat":"repeat","background-position":"center center","background-size":"auto","background-attachment":"scroll","background-type":"","background-media":"","overlay-type":"","overlay-color":"","overlay-opacity":"","overlay-gradient":""},"mobile":{"background-color":"var(--ast-global-color-5)","background-image":"","background-repeat":"repeat","background-position":"center center","background-size":"auto","background-attachment":"scroll","background-type":"","background-media":"","overlay-type":"","overlay-color":"","overlay-opacity":"","overlay-gradient":""}},"footnotes":""},"class_list":["post-1584","page","type-page","status-publish","hentry"],"uagb_featured_image_src":{"full":false,"thumbnail":false,"medium":false,"medium_large":false,"large":false,"1536x1536":false,"2048x2048":false},"uagb_author_info":{"display_name":"edist_blog","author_link":"https:\/\/edestilerija.com\/blog\/author\/edist_blog\/"},"uagb_comment_info":0,"uagb_excerpt":"Blog Op\u0161te teme o funkcionalnosti aplikacije za upravljanje destilerijama eDestilerija, proizvodnji rakije, promenama regulativa i jo\u0161 mnogo toga&#8230;","jetpack_sharing_enabled":true,"_links":{"self":[{"href":"https:\/\/edestilerija.com\/blog\/wp-json\/wp\/v2\/pages\/1584","targetHints":{"allow":["GET"]}}],"collection":[{"href":"https:\/\/edestilerija.com\/blog\/wp-json\/wp\/v2\/pages"}],"about":[{"href":"https:\/\/edestilerija.com\/blog\/wp-json\/wp\/v2\/types\/page"}],"author":[{"embeddable":true,"href":"https:\/\/edestilerija.com\/blog\/wp-json\/wp\/v2\/users\/1"}],"replies":[{"embeddable":true,"href":"https:\/\/edestilerija.com\/blog\/wp-json\/wp\/v2\/comments?post=1584"}],"version-history":[{"count":15,"href":"https:\/\/edestilerija.com\/blog\/wp-json\/wp\/v2\/pages\/1584\/revisions"}],"predecessor-version":[{"id":2280,"href":"https:\/\/edestilerija.com\/blog\/wp-json\/wp\/v2\/pages\/1584\/revisions\/2280"}],"wp:attachment":[{"href":"https:\/\/edestilerija.com\/blog\/wp-json\/wp\/v2\/media?parent=1584"}],"curies":[{"name":"wp","href":"https:\/\/api.w.org\/{rel}","templated":true}]}}